{"id":50,"date":"2018-01-28T15:57:00","date_gmt":"2018-01-28T15:57:00","guid":{"rendered":"http:\/\/www.nevermore.de\/?page_id=50"},"modified":"2018-01-28T16:46:29","modified_gmt":"2018-01-28T16:46:29","slug":"room-inside","status":"publish","type":"page","link":"https:\/\/www.nevermore.de\/?page_id=50","title":{"rendered":"Room inside"},"content":{"rendered":"<p><a href=\"http:\/\/www.nevermore.de\/?p=1\">Das M\u00e4dchen mit den Antennen<\/a><\/p>\n<p>Wo mein Zuhause ist<\/p>\n<p><a href=\"http:\/\/www.nevermore.de\/?p=57\">Nebelmond<\/a><\/p>\n<p>Das leere Gef\u00e4\u00df<\/p>\n<p>Schattentanz<\/p>\n<p><a href=\"http:\/\/www.nevermore.de\/?p=79\">Zuhause<\/a><\/p>\n","protected":false},"excerpt":{"rendered":"<p>Das M\u00e4dchen mit den Antennen Wo mein Zuhause ist Nebelmond Das leere Gef\u00e4\u00df Schattentanz Zuhause<\/p>\n","protected":false},"author":2,"featured_media":0,"parent":0,"menu_order":0,"comment_status":"closed","ping_status":"closed","template":"","meta":{"footnotes":""},"class_list":["post-50","page","type-page","status-publish","hentry"],"_links":{"self":[{"href":"https:\/\/www.nevermore.de\/index.php?rest_route=\/wp\/v2\/pages\/50","targetHints":{"allow":["GET"]}}],"collection":[{"href":"https:\/\/www.nevermore.de\/index.php?rest_route=\/wp\/v2\/pages"}],"about":[{"href":"https:\/\/www.nevermore.de\/index.php?rest_route=\/wp\/v2\/types\/page"}],"author":[{"embeddable":true,"href":"https:\/\/www.nevermore.de\/index.php?rest_route=\/wp\/v2\/users\/2"}],"replies":[{"embeddable":true,"href":"https:\/\/www.nevermore.de\/index.php?rest_route=%2Fwp%2Fv2%2Fcomments&post=50"}],"version-history":[{"count":6,"href":"https:\/\/www.nevermore.de\/index.php?rest_route=\/wp\/v2\/pages\/50\/revisions"}],"predecessor-version":[{"id":81,"href":"https:\/\/www.nevermore.de\/index.php?rest_route=\/wp\/v2\/pages\/50\/revisions\/81"}],"wp:attachment":[{"href":"https:\/\/www.nevermore.de\/index.php?rest_route=%2Fwp%2Fv2%2Fmedia&parent=50"}],"curies":[{"name":"wp","href":"https:\/\/api.w.org\/{rel}","templated":true}]}}